{"id":204,"date":"2023-11-27T21:06:04","date_gmt":"2023-11-27T20:06:04","guid":{"rendered":"https:\/\/ingridsblog8.wordpress.com\/?page_id=204"},"modified":"2024-02-13T06:58:54","modified_gmt":"2024-02-13T06:58:54","slug":"impressum-2","status":"publish","type":"page","link":"https:\/\/naturheilpraxis-rauber.de\/?page_id=204","title":{"rendered":"Impressum"},"content":{"rendered":"\n<p class=\"gutenify-section-233754d0-bdf5-11ee-b14f-471a9e1dd06b gtfy-1\">Angaben nach \u00a7 5 TMG:<\/p>\n\n\n\n<p class=\"gutenify-section-233bc1a0-bdf5-11ee-b14f-471a9e1dd06b gtfy-4\">Verantwortlich f\u00fcr den Inhalt:<br>Ingrid Rauber, Heilpraktikerin und Osteopathin<br>Bergstrasse 24<br>53757 Sankt Augustin<\/p>\n\n\n\n<p class=\"gutenify-section-234314a0-bdf5-11ee-b14f-471a9e1dd06b gtfy-7\">Gesetzliche Berufsbezeichnung:<br>Heilpraktikerin (Deutschland)<br>Heilpraktikerin-Pr\u00fcfung beim Gesundheitsamt K\u00f6ln in 2001<\/p>\n\n\n\n<p class=\"gutenify-section-2345acb0-bdf5-11ee-b14f-471a9e1dd06b gtfy-10\">Zust\u00e4ndige Aufsichtsbeh\u00f6rde:<br>Kreis-Gesundheitsamt Siegburg<\/p>\n\n\n\n<p class=\"gutenify-section-2348b9f0-bdf5-11ee-b14f-471a9e1dd06b gtfy-13\">Berufsbezeichnung gem\u00e4\u00df Heilpraktikergesetz vom 17. Februar 1939 &#8222;Gesetz \u00fcber die berufsm\u00e4\u00dfige Aus\u00fcbung der Heilkunde ohne Bestallung&#8220;.<\/p>\n\n\n\n<p class=\"gutenify-section-23490810-bdf5-11ee-b14f-471a9e1dd06b gtfy-16\">Osteopathin seit 2010 nach erfolgreicher \u00dcberpr\u00fcfung durch IFAO (Institut f\u00fcr angewandte Osteopathie D\u00fcsseldorf)<\/p>\n\n\n\n<p class=\"gutenify-section-23497d40-bdf5-11ee-b14f-471a9e1dd06b gtfy-19\">Gestaltung der Website:<br>Ingrid Rauber (Texte, Bilder, Inhalte)<br>Patrick Stevenson (Website-Aufbau) <br>Angelika Fiedler (Grafik und Design)<br>Jannik Brockerhoff (Videos)<br>Eva Hilger (Portraitfotos)<br><\/p>\n\n\n\n<p class=\"gutenify-section-234ead60-bdf5-11ee-b14f-471a9e1dd06b gtfy-22\">Online-Aktualisierungen:<br>Ingrid Rauber<\/p>\n\n\n\n<p class=\"gutenify-section-23553d10-bdf5-11ee-b14f-471a9e1dd06b gtfy-25\">Copyright:<br>Inhalt, Struktur und Gestaltung der Webseite ist urheberrechtlich gesch\u00fctzt. Auf den Webseiten zur Verf\u00fcgung gestellte Texte, Textteile, Grafiken oder Bildmaterialien, ihr Inhalt und ihre Kopien d\u00fcrfen ohne vorherige Zustimmung von der Inhaberin auf keine Art ver\u00e4ndert, nicht vervielf\u00e4ltigt und nicht an Dritte verteilt oder \u00fcbermittelt werden.<\/p>\n\n\n\n<p class=\"gutenify-section-23558b30-bdf5-11ee-b14f-471a9e1dd06b gtfy-28\">Auf die Internetangebote darf gelinkt werden, wenn die aufgerufene Seite alleiniger Inhalt des Browserfensters wird.<\/p>\n\n\n\n<p class=\"gutenify-section-235738e0-bdf5-11ee-b14f-471a9e1dd06b gtfy-31\">\u00a9 Ingrid Rauber, St.Augustin, Deutschland, 2024. All rights reserved.<\/p>\n","protected":false},"excerpt":{"rendered":"<p>Angaben nach \u00a7 5 TMG: Verantwortlich f\u00fcr den Inhalt:Ingrid Rauber, Heilpraktikerin und OsteopathinBergstrasse 2453757 Sankt [&hellip;]<\/p>\n","protected":false},"author":2,"featured_media":206,"parent":0,"menu_order":0,"comment_status":"closed","ping_status":"closed","template":"","meta":{"footnotes":""},"_links":{"self":[{"href":"https:\/\/naturheilpraxis-rauber.de\/index.php?rest_route=\/wp\/v2\/pages\/204"}],"collection":[{"href":"https:\/\/naturheilpraxis-rauber.de\/index.php?rest_route=\/wp\/v2\/pages"}],"about":[{"href":"https:\/\/naturheilpraxis-rauber.de\/index.php?rest_route=\/wp\/v2\/types\/page"}],"author":[{"embeddable":true,"href":"https:\/\/naturheilpraxis-rauber.de\/index.php?rest_route=\/wp\/v2\/users\/2"}],"replies":[{"embeddable":true,"href":"https:\/\/naturheilpraxis-rauber.de\/index.php?rest_route=%2Fwp%2Fv2%2Fcomments&post=204"}],"version-history":[{"count":2,"href":"https:\/\/naturheilpraxis-rauber.de\/index.php?rest_route=\/wp\/v2\/pages\/204\/revisions"}],"predecessor-version":[{"id":816,"href":"https:\/\/naturheilpraxis-rauber.de\/index.php?rest_route=\/wp\/v2\/pages\/204\/revisions\/816"}],"wp:featuredmedia":[{"embeddable":true,"href":"https:\/\/naturheilpraxis-rauber.de\/index.php?rest_route=\/wp\/v2\/media\/206"}],"wp:attachment":[{"href":"https:\/\/naturheilpraxis-rauber.de\/index.php?rest_route=%2Fwp%2Fv2%2Fmedia&parent=204"}],"curies":[{"name":"wp","href":"https:\/\/api.w.org\/{rel}","templated":true}]}}