{"id":192,"date":"2023-11-27T20:43:06","date_gmt":"2023-11-27T19:43:06","guid":{"rendered":"https:\/\/ingridsblog8.wordpress.com\/?page_id=192"},"modified":"2024-02-20T06:42:35","modified_gmt":"2024-02-20T06:42:35","slug":"osteopathie","status":"publish","type":"page","link":"https:\/\/naturheilpraxis-rauber.de\/?page_id=192","title":{"rendered":"Osteopathie"},"content":{"rendered":"\n<p class=\"gutenify-section-1db3e040-bc2a-11ee-827d-a7f2ff3198f4 gtfy-1\">\u201eLeben ist Bewegung\u201c. Das ist der Leitgedanke, auf dem Andrew Taylor Still (1828-1917) die Osteopathie begr\u00fcndet hat. Der amerikanische Arzt stellte fest, dass wenn er die Bereiche des K\u00f6rpers mobilisierte mit sanften Ber\u00fchrungen, die mit einem schmerzenden K\u00f6rperteil in Verbindung waren, konnte der Patient Linderung seiner Schmerzen erfahren, wenn nicht sogar v\u00f6llige Schmerzfreihei<strong>t.<\/strong><\/p>\n\n\n\n<figure class=\"wp-block-embed is-type-video is-provider-youtube wp-block-embed-youtube wp-embed-aspect-16-9 wp-has-aspect-ratio gutenify-section-c9da5b50-cf09-11ee-8c21-23b8d7d4ba4a gtfy-4\"><div class=\"wp-block-embed__wrapper\">\n<iframe loading=\"lazy\" title=\"Was ist Osteopathie?\" width=\"500\" height=\"281\" src=\"https:\/\/www.youtube.com\/embed\/pwGHao1FsC8?feature=oembed\" frameborder=\"0\" allow=\"accelerometer; autoplay; clipboard-write; encrypted-media; gyroscope; picture-in-picture; web-share\" allowfullscreen><\/iframe>\n<\/div><\/figure>\n\n\n\n<figure class=\"wp-block-embed is-type-video is-provider-youtube wp-block-embed-youtube wp-embed-aspect-16-9 wp-has-aspect-ratio gutenify-section-f7041800-cf09-11ee-8c21-23b8d7d4ba4a gtfy-7\"><div class=\"wp-block-embed__wrapper\">\n<iframe loading=\"lazy\" title=\"Was macht der Osteopath und f\u00fcr wen ist Osteopathie geeignet?\" width=\"500\" height=\"281\" src=\"https:\/\/www.youtube.com\/embed\/ZuehqIk9SxA?feature=oembed\" frameborder=\"0\" allow=\"accelerometer; autoplay; clipboard-write; encrypted-media; gyroscope; picture-in-picture; web-share\" allowfullscreen><\/iframe>\n<\/div><\/figure>\n\n\n\n<p class=\"gutenify-section-1db5dc10-bc2a-11ee-827d-a7f2ff3198f4 gtfy-10\">Die Osteopathie beinhaltet 3 Pfeiler: <br>Die <strong>Parietale Osteopathie<\/strong>, die sich mit Knochen, Gelenken, Muskeln, B\u00e4ndern und Sehnen besch\u00e4ftigt, die <strong>viszerale Osteopathie<\/strong>, die sich mit den Organen und deren Beziehung zu den restlichen Systemen des K\u00f6rpers besch\u00e4ftigt und die <strong>craniosakrale Osteopathie<\/strong>, hier sieht man Kopf, Wirbels\u00e4ule und Becken im Zusammenhang.<br><br>Es gibt mannigfaltige osteopathische Techniken, die man im Laufe der 5j\u00e4hrigen intensiven berufsbegleitenden Ausbildung lernt. Dazu geh\u00f6ren Faszientechniken, Chiropraktik, Muskeltechniken und auch craniosakrale Techniken. Hier hat man letztendlich eine gro\u00dfe Vielfalt, und f\u00fcr jeden Patienten findet man die passende Technik.<\/p>\n","protected":false},"excerpt":{"rendered":"<p>\u201eLeben ist Bewegung\u201c. Das ist der Leitgedanke, auf dem Andrew Taylor Still (1828-1917) die Osteopathie [&hellip;]<\/p>\n","protected":false},"author":2,"featured_media":195,"parent":0,"menu_order":0,"comment_status":"closed","ping_status":"closed","template":"","meta":{"footnotes":""},"_links":{"self":[{"href":"https:\/\/naturheilpraxis-rauber.de\/index.php?rest_route=\/wp\/v2\/pages\/192"}],"collection":[{"href":"https:\/\/naturheilpraxis-rauber.de\/index.php?rest_route=\/wp\/v2\/pages"}],"about":[{"href":"https:\/\/naturheilpraxis-rauber.de\/index.php?rest_route=\/wp\/v2\/types\/page"}],"author":[{"embeddable":true,"href":"https:\/\/naturheilpraxis-rauber.de\/index.php?rest_route=\/wp\/v2\/users\/2"}],"replies":[{"embeddable":true,"href":"https:\/\/naturheilpraxis-rauber.de\/index.php?rest_route=%2Fwp%2Fv2%2Fcomments&post=192"}],"version-history":[{"count":14,"href":"https:\/\/naturheilpraxis-rauber.de\/index.php?rest_route=\/wp\/v2\/pages\/192\/revisions"}],"predecessor-version":[{"id":960,"href":"https:\/\/naturheilpraxis-rauber.de\/index.php?rest_route=\/wp\/v2\/pages\/192\/revisions\/960"}],"wp:featuredmedia":[{"embeddable":true,"href":"https:\/\/naturheilpraxis-rauber.de\/index.php?rest_route=\/wp\/v2\/media\/195"}],"wp:attachment":[{"href":"https:\/\/naturheilpraxis-rauber.de\/index.php?rest_route=%2Fwp%2Fv2%2Fmedia&parent=192"}],"curies":[{"name":"wp","href":"https:\/\/api.w.org\/{rel}","templated":true}]}}