{"id":183,"date":"2023-11-27T20:32:24","date_gmt":"2023-11-27T19:32:24","guid":{"rendered":"https:\/\/ingridsblog8.wordpress.com\/?page_id=183"},"modified":"2024-02-22T08:55:54","modified_gmt":"2024-02-22T08:55:54","slug":"naturheilverfahren","status":"publish","type":"page","link":"https:\/\/naturheilpraxis-rauber.de\/?page_id=183","title":{"rendered":"Naturheilverfahren"},"content":{"rendered":"<span class=\"gtfy-1 gtfy-2\" style=\"color: #ffffff;\"><strong>Hier eine Auflistung der Naturheilverfahren, die ich in meiner Praxis anbiete, erg\u00e4nzend zu meinem Schwerpunkt Osteopathie:<\/strong><\/span>\n\n<span style=\"color: #ffffff;\"><!-- \/wp:separator --><\/span>\n\n<span style=\"color: #ffffff;\"><!-- wp:paragraph {\"blockClientId\":\"f6172630-baa0-11ee-8e03-f341b10afc14\"} --><\/span>\n<p class=\"gutenify-section-f6172630-baa0-11ee-8e03-f341b10afc14\"><span style=\"color: #ffffff;\">Akupunktur:<\/span>\n<span style=\"color: #ffffff;\">Ich beginne in meiner Arbeit dort mit Akupunktur, wo die M\u00f6glichkeiten der Osteopathie sich ersch\u00f6pfen. Beispielsweise Bluthochdruck, Regelschmerzen, Wechseljahresbeschwerden w\u00e4ren Symptome, bei denen ich gern Akupunktur einsetze.<\/span><\/p>\n<span style=\"color: #ffffff;\"><!-- \/wp:paragraph --><\/span>\n\n<span style=\"color: #ffffff;\"><!-- wp:paragraph {\"blockClientId\":\"f6185eb0-baa0-11ee-8e03-f341b10afc14\"} --><\/span>\n<p class=\"gutenify-section-f6185eb0-baa0-11ee-8e03-f341b10afc14\"><span style=\"color: #ffffff;\">Hom\u00f6opathische Akutmitteltherapie:<\/span>\n<span style=\"color: #ffffff;\">Oft setze ich hom\u00f6opathische Mittel erg\u00e4nzend zur Osteopathie ein. Sei es zur Schmerztherapie oder zur Sanierung des Darmmilieus, und vieles mehr.<\/span><\/p>\n<span style=\"color: #ffffff;\"><!-- \/wp:paragraph --><\/span>\n\n<span style=\"color: #ffffff;\"><!-- wp:paragraph {\"blockClientId\":\"f618faf0-baa0-11ee-8e03-f341b10afc14\"} --><\/span>\n<p class=\"gutenify-section-f618faf0-baa0-11ee-8e03-f341b10afc14\"><span style=\"color: #ffffff;\">Sch\u00fcsslersalztherapie:<\/span>\n<span style=\"color: #ffffff;\">Sch\u00fcsslersalze sind ein Aspekt der Hom\u00f6opathie. Ende des 19. Jahrhunderts hat Dr. Sch\u00fcssler festgestellt, da\u00df fehlende anorganische Mineralsalze im K\u00f6rper gest\u00f6rte Lebensvorg\u00e4nge und somit auch Krankheiten hervorrufen k\u00f6nnen. Folge ist eine Hemmung des Zellstoffwechsels. Demzufolge werden diese fehlenden Mineralien in Form von Sch\u00fcsslersalzen substituiert. Es handelt sich hier um Stoffe, die der K\u00f6rper nicht selbst herstellen kann und die durch Fehlern\u00e4hrung z.B. langfristig zum Mangel f\u00fchren. Eine mehrmonatige regelm\u00e4ssige Einnahme von Sch\u00fcsslersalzen f\u00fcllt die &#8222;Depots&#8220; im K\u00f6rper wieder auf.<\/span><\/p>\n<span style=\"color: #ffffff;\"><!-- \/wp:paragraph --><\/span>\n\n<span style=\"color: #ffffff;\"><!-- wp:paragraph {\"blockClientId\":\"f6197020-baa0-11ee-8e03-f341b10afc14\"} --><\/span>\n<p class=\"gutenify-section-f6197020-baa0-11ee-8e03-f341b10afc14\"><span style=\"color: #ffffff;\">Bachbl\u00fctentherapie:<\/span>\n<span style=\"color: #ffffff;\">In den 30er Jahren des vergangenen Jahrhunderts begr\u00fcndete der britische Arzt Dr. Edward Bach dieses Verfahren. Nach von ihm festgelegten Methoden werden Bl\u00fctenessenzen hergestellt, die auf der geistig-seelischen Ebene ausgleichend wirken. Bachs These: jede Krankheit begr\u00fcndet sich aus einer seelischen Gleichgewichtsst\u00f6rung. Er entwickelte insgesamt 38 Bl\u00fctenessenzen und ordnete diesen bestimmte seelische Eigenschaften zu.<\/span><\/p>\n<span style=\"color: #ffffff;\"><!-- \/wp:paragraph --><\/span>\n\n<span style=\"color: #ffffff;\"><!-- wp:paragraph {\"blockClientId\":\"f61a3370-baa0-11ee-8e03-f341b10afc14\"} --><\/span>\n<p class=\"gutenify-section-f61a3370-baa0-11ee-8e03-f341b10afc14\"><span style=\"color: #ffffff;\">Behandlung mit Low-Level-Laser:<\/span>\n<span style=\"color: #ffffff;\">Licht kann heilen. Schon im Altertum wu\u00dfte man von der heilenden Kraft des Lichtes. Einstein kannte die Laserstrahlung als Reiztherapie. Weiterentwickelt wurde die Lasertherapie in Westeuropa und USA. In der Chirurgie werden \u00bbHigh Power Laser\u00ab mit einer Kraft von mehr als 30W eingesetzt, um mit ihrer hohen Energiedichte organische Substanzen (z. B. Gallensteine) thermisch zu zerst\u00f6ren. In der ehemaligen Sowjetunion orientierte man sich dagegen bevorzugt auf die Laserbehandlung mittels Laserger\u00e4ten mit geringer Leistung (\u00bbLow Power Laser\u00ab = Softlaser, 1\u201350 mW), womit die Biostimulation der verschiedenen Gewebestrukturen erm\u00f6glicht wurde. Das Laserger\u00e4t, womit in dieser Praxis gearbeitet wird, hat eine Kraft von 10 mW. Durch die Bestrahlung mit Laserlicht wird der Energiehaushalt der K\u00f6rperzellen deutlich gesteigert. Der Selbstheilungsmechanismus des Gewebes wird beschleunigt, Giftstoffe werden in erh\u00f6htem Ma\u00dfe abtransportiert und die Durchblutung des behandelten Gewebes wird therapief\u00f6rdernd angeregt.<\/span><\/p>\n<span style=\"color: #ffffff;\"><!-- \/wp:paragraph --><\/span>\n\n<span style=\"color: #ffffff;\"><!-- wp:paragraph {\"blockClientId\":\"f61acfb0-baa0-11ee-8e03-f341b10afc14\"} --><\/span>\n<p id=\"Eigenblutbehandlung\" class=\"gutenify-section-f61acfb0-baa0-11ee-8e03-f341b10afc14\"><span style=\"color: #ffffff;\">Eigenblutbehandlung:<\/span>\n<span style=\"color: #ffffff;\">Diese Behandlung wird eingesetzt zur Immunstimulierung. Eine geringe Menge Blut, die dem Patienten aus der Vene abgenommen wird, wird entweder alleine oder angereichert mit hom\u00f6opathischen Medikamenten in den Ges\u00e4\u00dfmuskel injiziert.<\/span><\/p>\n<!-- \/wp:paragraph -->","protected":false},"excerpt":{"rendered":"<p>Hier eine Auflistung der Naturheilverfahren, die ich in meiner Praxis anbiete, erg\u00e4nzend zu meinem Schwerpunkt [&hellip;]<\/p>\n","protected":false},"author":2,"featured_media":189,"parent":0,"menu_order":0,"comment_status":"closed","ping_status":"closed","template":"","meta":{"footnotes":""},"_links":{"self":[{"href":"https:\/\/naturheilpraxis-rauber.de\/index.php?rest_route=\/wp\/v2\/pages\/183"}],"collection":[{"href":"https:\/\/naturheilpraxis-rauber.de\/index.php?rest_route=\/wp\/v2\/pages"}],"about":[{"href":"https:\/\/naturheilpraxis-rauber.de\/index.php?rest_route=\/wp\/v2\/types\/page"}],"author":[{"embeddable":true,"href":"https:\/\/naturheilpraxis-rauber.de\/index.php?rest_route=\/wp\/v2\/users\/2"}],"replies":[{"embeddable":true,"href":"https:\/\/naturheilpraxis-rauber.de\/index.php?rest_route=%2Fwp%2Fv2%2Fcomments&post=183"}],"version-history":[{"count":16,"href":"https:\/\/naturheilpraxis-rauber.de\/index.php?rest_route=\/wp\/v2\/pages\/183\/revisions"}],"predecessor-version":[{"id":1029,"href":"https:\/\/naturheilpraxis-rauber.de\/index.php?rest_route=\/wp\/v2\/pages\/183\/revisions\/1029"}],"wp:featuredmedia":[{"embeddable":true,"href":"https:\/\/naturheilpraxis-rauber.de\/index.php?rest_route=\/wp\/v2\/media\/189"}],"wp:attachment":[{"href":"https:\/\/naturheilpraxis-rauber.de\/index.php?rest_route=%2Fwp%2Fv2%2Fmedia&parent=183"}],"curies":[{"name":"wp","href":"https:\/\/api.w.org\/{rel}","templated":true}]}}