{"id":119,"date":"2023-11-21T16:59:55","date_gmt":"2023-11-21T15:59:55","guid":{"rendered":"https:\/\/ingridsblog8.wordpress.com\/?page_id=119"},"modified":"2025-05-05T17:18:02","modified_gmt":"2025-05-05T17:18:02","slug":"herzlich-willkommen","status":"publish","type":"page","link":"https:\/\/naturheilpraxis-rauber.de\/","title":{"rendered":"Herzlich Willkommen"},"content":{"rendered":"\n<p class=\"has-text-align-center gtfy-1\"><\/p>\n\n\n\n<p class=\"has-text-align-center gutenify-section-6c4a2d00-c6dc-11ef-becf-fb8d3e157e6b gtfy-4\">Herzlich Willkommen auf meiner Homepage! <\/p>\n\n\n\n<p class=\"has-text-align-left gutenify-section-61e80df0-a19d-11ef-abf3-a5982b58fd83 gtfy-7\">Als Heilpraktikerin UND Osteopathin (Ausbildung: 5 Jahre) bin ich in der gl\u00fccklichen Lage, Erkrankungen und Symptome aus verschiedenen Perspektiven zu betrachten. Die Naturheilkundlerin ber\u00fccksichtigt K\u00f6rper, Geist und Seele &#8211; und die Osteopathin betrachtet die anatomischen Zusammenh\u00e4nge des K\u00f6rpers und daraus resultiert der Behandlungsansatz. Wichtig ist mir, statt nur zu &#8222;reparieren&#8220;, die Ursache aus &#8211; sehr oft auch verschiedenen Symptomen und Schmerzen &#8211; zu finden und zu behandeln. <\/p>\n\n\n\n<div class=\"alignnormal gtfy-10\"><div id=\"metaslider-id-495\" style=\"width: 100%;\" class=\"ml-slider-3-108-0 metaslider metaslider-flex metaslider-495 ml-slider ms-theme-default nav-hidden\" role=\"region\" aria-label=\"Slideshow Startseite\" data-height=\"300\" data-width=\"700\">\n    <div id=\"metaslider_container_495\">\n        <div id=\"metaslider_495\">\n            <ul class='slides'>\n                <li style=\"display: block; width: 100%;\" class=\"slide-496 ms-image \" aria-roledescription=\"slide\" data-date=\"2024-01-02 17:19:30\" data-filename=\"5-700x300.jpg\" data-slide-type=\"image\"><img loading=\"lazy\" decoding=\"async\" src=\"https:\/\/naturheilpraxis-rauber.de\/wp-content\/uploads\/2023\/11\/5-700x300.jpg\" height=\"300\" width=\"700\" alt=\"\" class=\"slider-495 slide-496 msDefaultImage\" title=\"5\" \/><\/li>\n                <li style=\"display: none; width: 100%;\" class=\"slide-497 ms-image \" aria-roledescription=\"slide\" data-date=\"2024-01-02 17:19:30\" data-filename=\"4-700x300.jpg\" data-slide-type=\"image\"><img loading=\"lazy\" decoding=\"async\" src=\"https:\/\/naturheilpraxis-rauber.de\/wp-content\/uploads\/2023\/11\/4-700x300.jpg\" height=\"300\" width=\"700\" alt=\"\" class=\"slider-495 slide-497 msDefaultImage\" title=\"4\" \/><\/li>\n                <li style=\"display: none; width: 100%;\" class=\"slide-498 ms-image \" aria-roledescription=\"slide\" data-date=\"2024-01-02 17:19:30\" data-filename=\"3-700x300.jpg\" data-slide-type=\"image\"><img loading=\"lazy\" decoding=\"async\" src=\"https:\/\/naturheilpraxis-rauber.de\/wp-content\/uploads\/2023\/11\/3-700x300.jpg\" height=\"300\" width=\"700\" alt=\"\" class=\"slider-495 slide-498 msDefaultImage\" title=\"3\" \/><\/li>\n                <li style=\"display: none; width: 100%;\" class=\"slide-499 ms-image \" aria-roledescription=\"slide\" data-date=\"2024-01-02 17:19:30\" data-filename=\"2-700x300.jpg\" data-slide-type=\"image\"><img loading=\"lazy\" decoding=\"async\" src=\"https:\/\/naturheilpraxis-rauber.de\/wp-content\/uploads\/2023\/11\/2-700x300.jpg\" height=\"300\" width=\"700\" alt=\"\" class=\"slider-495 slide-499 msDefaultImage\" title=\"2\" \/><\/li>\n                <li style=\"display: none; width: 100%;\" class=\"slide-500 ms-image \" aria-roledescription=\"slide\" data-date=\"2024-01-02 17:19:30\" data-filename=\"1-700x300.jpg\" data-slide-type=\"image\"><img loading=\"lazy\" decoding=\"async\" src=\"https:\/\/naturheilpraxis-rauber.de\/wp-content\/uploads\/2023\/11\/1-700x300.jpg\" height=\"300\" width=\"700\" alt=\"\" class=\"slider-495 slide-500 msDefaultImage\" title=\"1\" \/><\/li>\n            <\/ul>\n        <\/div>\n        \n    <\/div>\n<\/div><\/div>\n\n\n\n<p class=\"gutenify-section-da8812b0-ba43-11ee-895a-fdaf4cb411ef gtfy-13\">Dar\u00fcberhinaus ist es mir wichtig, da\u00df Sie sich wohlf\u00fchlen. Daf\u00fcr ist neben dem Ambiente der Praxis auch der Faktor Zeit wichtig. Zeit zu haben f\u00fcr jeden Patienten, die in diesem Moment vonn\u00f6ten ist.<br><br>Gerne \u00fcberzeugen Sie sich, lernen Sie mich und meine Arbeit hier auf dieser Homepage kennen!<\/p>\n","protected":false},"excerpt":{"rendered":"<p>Herzlich Willkommen auf meiner Homepage! Als Heilpraktikerin UND Osteopathin (Ausbildung: 5 Jahre) bin ich in [&hellip;]<\/p>\n","protected":false},"author":2,"featured_media":0,"parent":0,"menu_order":0,"comment_status":"closed","ping_status":"closed","template":"","meta":{"footnotes":""},"_links":{"self":[{"href":"https:\/\/naturheilpraxis-rauber.de\/index.php?rest_route=\/wp\/v2\/pages\/119"}],"collection":[{"href":"https:\/\/naturheilpraxis-rauber.de\/index.php?rest_route=\/wp\/v2\/pages"}],"about":[{"href":"https:\/\/naturheilpraxis-rauber.de\/index.php?rest_route=\/wp\/v2\/types\/page"}],"author":[{"embeddable":true,"href":"https:\/\/naturheilpraxis-rauber.de\/index.php?rest_route=\/wp\/v2\/users\/2"}],"replies":[{"embeddable":true,"href":"https:\/\/naturheilpraxis-rauber.de\/index.php?rest_route=%2Fwp%2Fv2%2Fcomments&post=119"}],"version-history":[{"count":16,"href":"https:\/\/naturheilpraxis-rauber.de\/index.php?rest_route=\/wp\/v2\/pages\/119\/revisions"}],"predecessor-version":[{"id":1484,"href":"https:\/\/naturheilpraxis-rauber.de\/index.php?rest_route=\/wp\/v2\/pages\/119\/revisions\/1484"}],"wp:attachment":[{"href":"https:\/\/naturheilpraxis-rauber.de\/index.php?rest_route=%2Fwp%2Fv2%2Fmedia&parent=119"}],"curies":[{"name":"wp","href":"https:\/\/api.w.org\/{rel}","templated":true}]}}