{"id":110,"date":"2023-11-21T16:38:58","date_gmt":"2023-11-21T15:38:58","guid":{"rendered":"https:\/\/ingridsblog8.wordpress.com\/?page_id=110"},"modified":"2024-02-22T10:44:40","modified_gmt":"2024-02-22T10:44:40","slug":"kontakt","status":"publish","type":"page","link":"https:\/\/naturheilpraxis-rauber.de\/?page_id=110","title":{"rendered":"Kontakt"},"content":{"rendered":"\n<div class=\"wp-block-group gutenify-section-44d469f0-bc49-11ee-8025-953864e0eb2a is-layout-constrained wp-block-group-is-layout-constrained gtfy-5\">\n<div class=\"wp-block-group has-custom-blau-background-background-color has-background gutenify-section-e4e660f0-bdf3-11ee-8c90-51618c3aad48 is-layout-constrained wp-block-group-is-layout-constrained gtfy-4\">\n<p class=\"has-background-color has-custom-blau-background-background-color has-text-color has-background has-link-color gutenify-section-c5fbd520-c4e3-11ee-a557-83cc6a2816e2 wp-elements-30a6a292f4b06bc09da10aadaae71735 gtfy-1\">Praxis f\u00fcr Osteopathie und Naturheilverfahren<br>Ingrid Rauber<br>Bergstrasse 24<br>53757 Sankt Augustin-Birlinghoven<\/p>\n\n\n\n<p class=\"has-background-color has-text-color has-link-color gutenify-section-e8a293a0-bc48-11ee-8025-953864e0eb2a wp-elements-17b69f15ccf7d964af3f730f443f0ab3 gtfy-2\" id=\"telefon\"><a href=\"#telefon\" data-type=\"internal\" data-id=\"#telefon\">Telefon: 02241-9320444 (bitte Nachricht auf AB hinterlassen)<\/a><br>Email: mail(at)osteopathie-rauber.de, mail(at)naturheilpraxis-rauber.de<\/p>\n\n\n\n<p class=\"has-background-color has-text-color has-link-color gutenify-section-e8a32fe0-bc48-11ee-8025-953864e0eb2a wp-elements-4cd190785db4361a0fd5ff540c1ad7d1 gtfy-3\"><strong>\u00d6ffnungszeiten<\/strong>:<br>Praxiszeiten sind Dienstags bis Donnerstags von 10.00 bis 20.00 Uhr<br>Montags und Freitags ist die Praxis geschlossen<br>Termine nur nach Vereinbarung<br><\/p>\n<\/div>\n<\/div>\n\n\n\n<hr class=\"wp-block-separator has-alpha-channel-opacity gutenify-section-811f8320-bdf4-11ee-8c90-51618c3aad48 gtfy-8\"\/>\n\n\n\n<div class=\"wp-block-columns gutenify-section-b631a200-bdf4-11ee-8c90-51618c3aad48 is-layout-flex wp-container-core-columns-layout-1 wp-block-columns-is-layout-flex gtfy-15\">\n<div class=\"wp-block-column gutenify-section-b62964a0-bdf4-11ee-8c90-51618c3aad48 is-layout-flow wp-block-column-is-layout-flow gtfy-14\" style=\"flex-basis:100%\">\n<div class=\"wp-block-group gutenify-section-a79d2e30-bdf4-11ee-8c90-51618c3aad48 is-layout-constrained wp-block-group-is-layout-constrained gtfy-13\" style=\"padding-top:0;padding-right:var(--wp--preset--spacing--30);padding-bottom:0;padding-left:var(--wp--preset--spacing--30)\">\n<iframe class=\"gtfy-11\" src=\"https:\/\/www.google.com\/maps\/embed?pb=!1m18!1m12!1m3!1d2524.562303520237!2d7.222424376396461!3d50.746606471650274!2m3!1f0!2f0!3f0!3m2!1i1024!2i768!4f13.1!3m3!1m2!1s0x47bee64d519eda49%3A0x6c2ca76a186da08e!2sPraxis%20f%C3%BCr%20Osteopathie%20Rauber!5e0!3m2!1sde!2sde!4v1706044461075!5m2!1sde!2sde\" width=\"600\" height=\"450\" style=\"border:0;\" allowfullscreen=\"\" loading=\"lazy\" referrerpolicy=\"no-referrer-when-downgrade\"><\/iframe>\n<\/div>\n<\/div>\n<\/div>\n\n\n\n<hr class=\"wp-block-separator has-alpha-channel-opacity gutenify-section-83ad8100-bdf4-11ee-8c90-51618c3aad48 gtfy-18\"\/>\n\n\n\n<div id=\"bus\" class=\"wp-block-group has-custom-blau-background-background-color has-background gutenify-section-21c05720-bdf3-11ee-826f-9f0eaf058c58 is-layout-constrained wp-block-group-is-layout-constrained gtfy-23\">\n<p class=\"has-background-color has-text-color has-link-color gutenify-section-1512f2d0-bdf3-11ee-826f-9f0eaf058c58 wp-elements-17f56bb32ec2f34db7909ac847b78581 gtfy-21\"><strong>Informationen zu den Busverbindungen:<\/strong><br>Die Haltestellen &#8222;Birlinghoven Pleistalstrasse&#8220; und &#8222;Auf der Holle&#8220; befinden sich in unmittelbarer N\u00e4he der Bergstrasse (ca. 2 Min. zu Fu\u00df)<br>Linie 512:<br>Ittenbach-Thomasberg-Stieldorf-Rauschendorf-Birlinghoven-Niederpleis-Siegburg (Haltestelle &#8222;auf der Holle&#8220;)<br>Linie 513:<br>Oberpleis-Uthweiler-Birlinghoven-Niederpleis-Siegburg (Haltestelle Pleistalstrasse Birlinghoven)<br>Linie 516: <br>Vilich-M\u00fclldorf (Beuel)-Gielgen-Hoholz-Birlinghoven-Rott-Hennef (Haltestelle Pleistalstrasse)<br>Linie 535:<br>Oberpleis-Uthweiler-Birlinghoven-St. Augustin (Haltestelle Pleistalstrasse)<br>Linie 541:<br>Oberpleis-Rauschendorf Schule-Stieldorf-Vinxel-Oberkassel S\u00fcd-Niederdollendorf F\u00e4hre-K\u00f6nigswinter (von Haltestelle Rauschendorf-Schule bis zur Praxis ca. 10 Minuten zu Fu\u00df)<\/p>\n\n\n\n<hr class=\"wp-block-separator has-alpha-channel-opacity gutenify-section-46026a10-bdf3-11ee-826f-9f0eaf058c58 gtfy-22\"\/>\n<\/div>\n\n\n\n<div id=\"Auto\" class=\"wp-block-group has-custom-blau-background-background-color has-background gutenify-section-3ece63c0-bdf3-11ee-826f-9f0eaf058c58 is-layout-constrained wp-block-group-is-layout-constrained gtfy-27\">\n<p class=\"has-background-color has-text-color has-link-color gutenify-section-391c4280-bdf3-11ee-826f-9f0eaf058c58 wp-elements-2a2772650ec05519a5ff9180233b8658 gtfy-26\"><strong>Anfahrt mit dem Auto:<\/strong><br>Birlinghoven liegt zwischen Hoholz: das zu Bonn geh\u00f6rt, Stieldorf: das zu K\u00f6nigswinter geh\u00f6rt und Niederpleis: das zu St. Augustin geh\u00f6rt. Die Autobahnauffahrten der A3 in Ittenbach und der A560 in Niederpleis sind in unmittelbarer N\u00e4he. M\u00f6chte man Birlinghoven direkt \u201e\u00fcber Land\u201c anfahren, so am Besten:<br>Von Bonn aus \u00fcber die S\u00fcdbr\u00fccke gradeaus, dann rechts durch Niederholtorf, dann wahlweise durch Stieldorf oder durch Hoholz, dann abbiegen nach Birlinghoven.<br><br>Von Bonn-Beuel aus \u00fcber P\u00fctzchen und Niederholtorf, Stieldorf oder Hoholz nach Birlinghoven.<br><br>Von Niederpleis, Hennef, St. Augustin, Siegburg aus \u00fcber die Pleistalstrasse, von dieser zweigt die Bergstrasse direkt ab.<\/p>\n<\/div>\n","protected":false},"excerpt":{"rendered":"<p>Praxis f\u00fcr Osteopathie und NaturheilverfahrenIngrid RauberBergstrasse 2453757 Sankt Augustin-Birlinghoven Telefon: 02241-9320444 (bitte Nachricht auf AB [&hellip;]<\/p>\n","protected":false},"author":2,"featured_media":0,"parent":0,"menu_order":0,"comment_status":"closed","ping_status":"closed","template":"","meta":{"footnotes":""},"_links":{"self":[{"href":"https:\/\/naturheilpraxis-rauber.de\/index.php?rest_route=\/wp\/v2\/pages\/110"}],"collection":[{"href":"https:\/\/naturheilpraxis-rauber.de\/index.php?rest_route=\/wp\/v2\/pages"}],"about":[{"href":"https:\/\/naturheilpraxis-rauber.de\/index.php?rest_route=\/wp\/v2\/types\/page"}],"author":[{"embeddable":true,"href":"https:\/\/naturheilpraxis-rauber.de\/index.php?rest_route=\/wp\/v2\/users\/2"}],"replies":[{"embeddable":true,"href":"https:\/\/naturheilpraxis-rauber.de\/index.php?rest_route=%2Fwp%2Fv2%2Fcomments&post=110"}],"version-history":[{"count":29,"href":"https:\/\/naturheilpraxis-rauber.de\/index.php?rest_route=\/wp\/v2\/pages\/110\/revisions"}],"predecessor-version":[{"id":1032,"href":"https:\/\/naturheilpraxis-rauber.de\/index.php?rest_route=\/wp\/v2\/pages\/110\/revisions\/1032"}],"wp:attachment":[{"href":"https:\/\/naturheilpraxis-rauber.de\/index.php?rest_route=%2Fwp%2Fv2%2Fmedia&parent=110"}],"curies":[{"name":"wp","href":"https:\/\/api.w.org\/{rel}","templated":true}]}}